{"id":1496,"date":"2019-11-06T14:16:44","date_gmt":"2019-11-06T17:16:44","guid":{"rendered":"https:\/\/fairmontrio.com\/?page_id=1496"},"modified":"2022-06-20T12:06:22","modified_gmt":"2022-06-20T15:06:22","slug":"avaliacoes-2","status":"publish","type":"page","link":"https:\/\/fairmontrio.com\/en\/avaliacoes-2\/","title":{"rendered":"Avalia\u00e7\u00f5es"},"content":{"rendered":"<p>O Fairmont Rio tem 375 quartos, com muito conforto, estilo e localiza\u00e7\u00e3o privilegiada, de frente para a Praia de Copacabana. Projetados pela arquiteta Patr\u00edcia Anastassiadis, com inspira\u00e7\u00e3o na Copacabana dos anos 50, nossas acomoda\u00e7\u00f5es s\u00e3o pura Bossa Nova.<br \/>\nPerfeitos para voc\u00ea aproveitar o Rio de Janeiro ao m\u00e1ximo.<\/p>","protected":false},"excerpt":{"rendered":"<p>O Fairmont Rio tem 375 quartos, com muito conforto, estilo e localiza\u00e7\u00e3o privilegiada, de frente para a Praia de Copacabana. Projetados pela arquiteta Patr\u00edcia Anastassiadis, com inspira\u00e7\u00e3o na Copacabana dos anos 50, nossas acomoda\u00e7\u00f5es s\u00e3o pura Bossa Nova. Perfeitos para voc\u00ea aproveitar o Rio de Janeiro ao m\u00e1ximo.<\/p>\n","protected":false},"author":1,"featured_media":0,"parent":0,"menu_order":6,"comment_status":"closed","ping_status":"closed","template":"modelo-acomodacoes.php","meta":{"footnotes":""},"_links":{"self":[{"href":"https:\/\/fairmontrio.com\/en\/wp-json\/wp\/v2\/pages\/1496"}],"collection":[{"href":"https:\/\/fairmontrio.com\/en\/wp-json\/wp\/v2\/pages"}],"about":[{"href":"https:\/\/fairmontrio.com\/en\/wp-json\/wp\/v2\/types\/page"}],"author":[{"embeddable":true,"href":"https:\/\/fairmontrio.com\/en\/wp-json\/wp\/v2\/users\/1"}],"replies":[{"embeddable":true,"href":"https:\/\/fairmontrio.com\/en\/wp-json\/wp\/v2\/comments?post=1496"}],"version-history":[{"count":6,"href":"https:\/\/fairmontrio.com\/en\/wp-json\/wp\/v2\/pages\/1496\/revisions"}],"predecessor-version":[{"id":2474,"href":"https:\/\/fairmontrio.com\/en\/wp-json\/wp\/v2\/pages\/1496\/revisions\/2474"}],"wp:attachment":[{"href":"https:\/\/fairmontrio.com\/en\/wp-json\/wp\/v2\/media?parent=1496"}],"curies":[{"name":"wp","href":"https:\/\/api.w.org\/{rel}","templated":true}]}}